{"id":233,"date":"2024-09-16T06:47:51","date_gmt":"2024-09-16T06:47:51","guid":{"rendered":"https:\/\/cagridoo.rs\/product\/minimalist-bluetooth-speaker\/"},"modified":"2025-07-06T00:12:15","modified_gmt":"2025-07-06T00:12:15","slug":"3d-direkler","status":"publish","type":"product","link":"https:\/\/cagridoo.rs\/sr\/%d0%bf%d1%80%d0%be%d0%b8%d0%b7%d0%b2%d0%be%d0%b4\/3d-direkler\/","title":{"rendered":"3D Stub"},"content":{"rendered":"<p>Metalni stub je izdr\u017eljiv i dugotrajan  pocinkovani stub sa posebnim dizajnom popre\u010dnog preseka koji omoguc\u0301ava da se panel montira direktno na kape stubova. Njegova napredna \u010dvrstoc\u0301a i dvoslojni dizajn pru\u017eaju visoku otpornost, elimini\u0161uc\u0301i potrebu za dodatnim ugaonim stubovima. Nudi jednostavnu instalaciju \u010dak i na nagnutim terenima i kompatibilan je sa svim tipovima panela. Visoka otpornost na koroziju se posti\u017ee jer nije potrebno bu\u0161enje tokom ugradnje. Po\u0161to se nikakvi priklju\u010dni delovi ne koriste kada je panel montiran na stub, nudi dodatnu sigurnost od rastavljanja. Ovaj sistem pru\u017ea maksimalnu sigurnost od spoljnih pretnji, spre\u010dava o\u0161tec\u0301enje premaza i obezbe\u0111uje dugotrajnu upotrebu. Gubici koji mogu nastati tokom procesa kao \u0161to su se\u010denje, zavarivanje ili stezanje tako\u0111e su eliminisani zahvaljujuc\u0301i strukturi od jednog dela lima.<\/p>","protected":false},"excerpt":{"rendered":"<p>Ne zaboravite da kupite potrebne aksesoare!<\/p>","protected":false},"featured_media":7714,"comment_status":"closed","ping_status":"closed","template":"","meta":{"_acf_changed":false},"product_brand":[],"product_cat":[27],"product_tag":[],"class_list":{"0":"post-233","1":"product","2":"type-product","3":"status-publish","4":"has-post-thumbnail","6":"product_cat-cit-diregi","8":"first","9":"instock","10":"shipping-taxable","11":"purchasable","12":"product-type-variable","swatches":"rey-swatches","show_selected":"","stretch_labels":"rey-swatches--stretch-labels"},"acf":[],"_links":{"self":[{"href":"https:\/\/cagridoo.rs\/sr\/wp-json\/wp\/v2\/product\/233","targetHints":{"allow":["GET"]}}],"collection":[{"href":"https:\/\/cagridoo.rs\/sr\/wp-json\/wp\/v2\/product"}],"about":[{"href":"https:\/\/cagridoo.rs\/sr\/wp-json\/wp\/v2\/types\/product"}],"replies":[{"embeddable":true,"href":"https:\/\/cagridoo.rs\/sr\/wp-json\/wp\/v2\/comments?post=233"}],"wp:featuredmedia":[{"embeddable":true,"href":"https:\/\/cagridoo.rs\/sr\/wp-json\/wp\/v2\/media\/7714"}],"wp:attachment":[{"href":"https:\/\/cagridoo.rs\/sr\/wp-json\/wp\/v2\/media?parent=233"}],"wp:term":[{"taxonomy":"product_brand","embeddable":true,"href":"https:\/\/cagridoo.rs\/sr\/wp-json\/wp\/v2\/product_brand?post=233"},{"taxonomy":"product_cat","embeddable":true,"href":"https:\/\/cagridoo.rs\/sr\/wp-json\/wp\/v2\/product_cat?post=233"},{"taxonomy":"product_tag","embeddable":true,"href":"https:\/\/cagridoo.rs\/sr\/wp-json\/wp\/v2\/product_tag?post=233"}],"curies":[{"name":"wp","href":"https:\/\/api.w.org\/{rel}","templated":true}]}}