{"id":232,"date":"2024-10-14T08:16:57","date_gmt":"2024-10-14T08:16:57","guid":{"rendered":"https:\/\/cagridoo.rs\/product\/adaptive-wireless-earbuds\/"},"modified":"2024-12-16T06:41:50","modified_gmt":"2024-12-16T06:41:50","slug":"pvc-orgu-tel","status":"publish","type":"product","link":"https:\/\/cagridoo.rs\/sr\/%d0%bf%d1%80%d0%be%d0%b8%d0%b7%d0%b2%d0%be%d0%b4\/pvc-orgu-tel\/","title":{"rendered":"PVC Pletena \u017dica"},"content":{"rendered":"<p>U pore\u0111enju sa \u017eicom bez premaza, ova specijalna \u017ei\u010dana mre\u017ea, dizajnirana za upotrebu u te\u0161kim uslovima bez lju\u0161tenja ili skidanja, je dugotrajno i izdr\u017eljivo re\u0161enje. Napravljen od visokokvalitetnog  \u010delika i materijala od pocinkovanog \u010delika, pru\u017ea odli\u010dnu za\u0161titu od korozije i produ\u017eava \u017eivotni vek. Dostupan u razli\u010ditim bojama, kao \u0161to su zelena, crna, \u017euta i svetlo siva, zadovoljava i estetske i funkcionalne potrebe. Ova \u017ei\u010dana mre\u017ea obezbe\u0111uje sigurnu ogradu za razli\u010dite oblasti, uklju\u010dujuc\u0301i stambene, rekreativne prostore, poslovne zgrade, industrijske objekte i aplikacije visoke bezbednosti. Sa svojom dugotrajnom izdr\u017eljivo\u0161c\u0301u i dizajnom bez odr\u017eavanja, ova \u017ei\u010dana mre\u017ea nudi re\u0161enje koje je lako za kori\u0161c\u0301enje i podr\u017eano je 5-godi\u0161njom ograni\u010denom garancijom. Dizajniran imajuc\u0301i na umu i estetsku privla\u010dnost i prakti\u010dnu upotrebu, pogodan je za sve potrebe.<\/p>","protected":false},"excerpt":{"rendered":"<p>Kaplamas\u0131z tel ile k\u0131yasland\u0131\u011f\u0131nda, s\u0131y\u0131rma veya soyulma olmadan yo\u011fun kullan\u0131m i\u00e7in tasarlanm\u0131\u015f bu \u00f6zel tel \u00f6rg\u00fc, uzun \u00f6m\u00fcrl\u00fc ve dayan\u0131kl\u0131 bir \u00e7\u00f6z\u00fcmd\u00fcr. Y\u00fcksek kaliteli karbon \u00e7eli\u011fi ve galvanizli \u00e7elik malzemelerden \u00fcretilmesi, korozyona kar\u015f\u0131 m\u00fckemmel bir koruma sa\u011flarken, kullan\u0131m s\u00fcresini de uzat\u0131r. Farkl\u0131 renk se\u00e7enekleri, ye\u015fil, siyah, sar\u0131 ve a\u00e7\u0131k gri gibi alternatiflerle estetik ve fonksiyonel [&hellip;]<\/p>","protected":false},"featured_media":1610,"comment_status":"closed","ping_status":"closed","template":"","meta":{"_acf_changed":false},"product_brand":[],"product_cat":[47],"product_tag":[],"class_list":{"0":"post-232","1":"product","2":"type-product","3":"status-publish","4":"has-post-thumbnail","6":"product_cat-cit-sistemleri","8":"first","9":"instock","10":"sale","11":"shipping-taxable","12":"purchasable","13":"product-type-variable","swatches":"rey-swatches","show_selected":"","stretch_labels":"rey-swatches--stretch-labels"},"acf":[],"_links":{"self":[{"href":"https:\/\/cagridoo.rs\/sr\/wp-json\/wp\/v2\/product\/232","targetHints":{"allow":["GET"]}}],"collection":[{"href":"https:\/\/cagridoo.rs\/sr\/wp-json\/wp\/v2\/product"}],"about":[{"href":"https:\/\/cagridoo.rs\/sr\/wp-json\/wp\/v2\/types\/product"}],"replies":[{"embeddable":true,"href":"https:\/\/cagridoo.rs\/sr\/wp-json\/wp\/v2\/comments?post=232"}],"wp:featuredmedia":[{"embeddable":true,"href":"https:\/\/cagridoo.rs\/sr\/wp-json\/wp\/v2\/media\/1610"}],"wp:attachment":[{"href":"https:\/\/cagridoo.rs\/sr\/wp-json\/wp\/v2\/media?parent=232"}],"wp:term":[{"taxonomy":"product_brand","embeddable":true,"href":"https:\/\/cagridoo.rs\/sr\/wp-json\/wp\/v2\/product_brand?post=232"},{"taxonomy":"product_cat","embeddable":true,"href":"https:\/\/cagridoo.rs\/sr\/wp-json\/wp\/v2\/product_cat?post=232"},{"taxonomy":"product_tag","embeddable":true,"href":"https:\/\/cagridoo.rs\/sr\/wp-json\/wp\/v2\/product_tag?post=232"}],"curies":[{"name":"wp","href":"https:\/\/api.w.org\/{rel}","templated":true}]}}