{"id":219,"date":"2024-10-15T07:58:54","date_gmt":"2024-10-15T07:58:54","guid":{"rendered":"https:\/\/cagridoo.rs\/product\/modern-leather-folio\/"},"modified":"2025-07-06T00:08:11","modified_gmt":"2025-07-06T00:08:11","slug":"klips-trapez-vida","status":"publish","type":"product","link":"https:\/\/cagridoo.rs\/sr\/%d0%bf%d1%80%d0%be%d0%b8%d0%b7%d0%b2%d0%be%d0%b4\/klips-trapez-vida\/","title":{"rendered":"Klipsa + Trapezasti \u0160raf"},"content":{"rendered":"<p>Pribor za spajanje klipsa + trapezasti \u0161raf je specijalno dizajniran da obezbedi sigurnu i izdr\u017eljivu instalaciju va\u0161ih sistema ograda. klipsa \u010dvrsto dr\u017ei panele ograde na mestu, dok trapezasti \u0161raf ja\u010da vezu dodatnih delova. Ovaj dvostruki sistem ubrzava proces instalacije, pru\u017eajuc\u0301i efikasno pode\u0161avanje sa manje truda. Izra\u0111eni od visokokvalitetnih materijala, ovi dodaci su otporni na razli\u010dite vremenske uslove i pru\u017eaju visoku otpornost na koroziju, habanje i druge negativne uticaje. Komplet klipsa + trapezasti \u0161raf set je kompatibilan sa razli\u010ditim tipovima ograda, pru\u017eajuc\u0301i dugotrajno i pouzdano re\u0161enje. Njegov dizajn prilago\u0111en korisniku pojednostavljuje instalaciju, pobolj\u0161ava estetiku va\u0161ih sistema ograda i povec\u0301ava nivo bezbednosti. Ovaj priklju\u010dni pribor garantuje snagu i izdr\u017eljivost va\u0161ih sistema ograda.<\/p>","protected":false},"excerpt":{"rendered":"<p>Koristi Se Za 3D Pojedina\u010dne Panele.<\/p>","protected":false},"featured_media":7704,"comment_status":"closed","ping_status":"closed","template":"","meta":{"_acf_changed":false},"product_brand":[],"product_cat":[75],"product_tag":[],"class_list":{"0":"post-219","1":"product","2":"type-product","3":"status-publish","4":"has-post-thumbnail","6":"product_cat-aksesuarlar","8":"first","9":"instock","10":"shipping-taxable","11":"purchasable","12":"product-type-variable","swatches":"rey-swatches","show_selected":"","stretch_labels":"rey-swatches--stretch-labels"},"acf":[],"_links":{"self":[{"href":"https:\/\/cagridoo.rs\/sr\/wp-json\/wp\/v2\/product\/219","targetHints":{"allow":["GET"]}}],"collection":[{"href":"https:\/\/cagridoo.rs\/sr\/wp-json\/wp\/v2\/product"}],"about":[{"href":"https:\/\/cagridoo.rs\/sr\/wp-json\/wp\/v2\/types\/product"}],"replies":[{"embeddable":true,"href":"https:\/\/cagridoo.rs\/sr\/wp-json\/wp\/v2\/comments?post=219"}],"wp:featuredmedia":[{"embeddable":true,"href":"https:\/\/cagridoo.rs\/sr\/wp-json\/wp\/v2\/media\/7704"}],"wp:attachment":[{"href":"https:\/\/cagridoo.rs\/sr\/wp-json\/wp\/v2\/media?parent=219"}],"wp:term":[{"taxonomy":"product_brand","embeddable":true,"href":"https:\/\/cagridoo.rs\/sr\/wp-json\/wp\/v2\/product_brand?post=219"},{"taxonomy":"product_cat","embeddable":true,"href":"https:\/\/cagridoo.rs\/sr\/wp-json\/wp\/v2\/product_cat?post=219"},{"taxonomy":"product_tag","embeddable":true,"href":"https:\/\/cagridoo.rs\/sr\/wp-json\/wp\/v2\/product_tag?post=219"}],"curies":[{"name":"wp","href":"https:\/\/api.w.org\/{rel}","templated":true}]}}