{"id":663,"date":"2024-10-18T09:08:57","date_gmt":"2024-10-18T09:08:57","guid":{"rendered":"https:\/\/cagridoo.rs\/?page_id=663"},"modified":"2024-11-11T09:09:36","modified_gmt":"2024-11-11T09:09:36","slug":"kategoriler","status":"publish","type":"page","link":"https:\/\/cagridoo.rs\/en\/categories\/","title":{"rendered":"Categories"},"content":{"rendered":"<div data-elementor-type=\"wp-page\" data-elementor-id=\"663\" class=\"elementor elementor-663\">\n\t\t\t\t<div class=\"e-con-top elementor-element elementor-element-f74fed0 e-flex e-con-boxed e-con e-parent\" data-id=\"f74fed0\" data-element_type=\"container\">\n\t\t\t\t\t<div class=\"e-con-inner\">\n\t\t<div class=\"elementor-element elementor-element-9f911f1 e-con-full e-flex e-con e-child\" data-id=\"9f911f1\" data-element_type=\"container\">\n\t\t\t\t<div class=\"elementor-element elementor-element-531f929 elementor-widget elementor-widget-image\" data-id=\"531f929\" data-element_type=\"widget\" data-widget_type=\"image.default\">\n\t\t\t\t<div class=\"elementor-widget-container\">\n\t\t\t\t\t\t\t\t\t\t\t\t\t\t\t\t<a href=\"\/en\/categories\/cit-panelleri\/\">\n\t\t\t\t\t\t\t<img fetchpriority=\"high\" decoding=\"async\" width=\"800\" height=\"800\" src=\"https:\/\/cagridoo.rs\/wp-content\/uploads\/2024\/10\/2d-panel-cit-1-800x800-1.webp\" class=\"attachment-large size-large wp-image-627\" alt=\"\" srcset=\"https:\/\/cagridoo.rs\/wp-content\/uploads\/2024\/10\/2d-panel-cit-1-800x800-1.webp 800w, https:\/\/cagridoo.rs\/wp-content\/uploads\/2024\/10\/2d-panel-cit-1-800x800-1-330x330.webp 330w, https:\/\/cagridoo.rs\/wp-content\/uploads\/2024\/10\/2d-panel-cit-1-800x800-1-100x100.webp 100w, https:\/\/cagridoo.rs\/wp-content\/uploads\/2024\/10\/2d-panel-cit-1-800x800-1-600x600.webp 600w, https:\/\/cagridoo.rs\/wp-content\/uploads\/2024\/10\/2d-panel-cit-1-800x800-1-300x300.webp 300w, https:\/\/cagridoo.rs\/wp-content\/uploads\/2024\/10\/2d-panel-cit-1-800x800-1-150x150.webp 150w, https:\/\/cagridoo.rs\/wp-content\/uploads\/2024\/10\/2d-panel-cit-1-800x800-1-768x768.webp 768w\" sizes=\"(max-width: 800px) 100vw, 800px\" \/>\t\t\t\t\t\t\t\t<\/a>\n\t\t\t\t\t\t\t\t\t\t\t\t\t\t\t<\/div>\n\t\t\t\t<\/div>\n\t\t\t\t<div class=\"elementor-element elementor-element-0a41efc elementor-widget elementor-widget-heading\" data-id=\"0a41efc\" data-element_type=\"widget\" data-widget_type=\"heading.default\">\n\t\t\t\t<div class=\"elementor-widget-container\">\n\t\t\t\t\t<h4 class=\"elementor-heading-title elementor-size-default\"><a href=\"\/en\/categories\/cit-panelleri\/\">Fence Panels<\/a><\/h4>\t\t\t\t<\/div>\n\t\t\t\t<\/div>\n\t\t\t\t<\/div>\n\t\t<div class=\"elementor-element elementor-element-be38209 e-con-full e-flex e-con e-child\" data-id=\"be38209\" data-element_type=\"container\">\n\t\t\t\t<div class=\"elementor-element elementor-element-a65c859 elementor-widget elementor-widget-image\" data-id=\"a65c859\" data-element_type=\"widget\" data-widget_type=\"image.default\">\n\t\t\t\t<div class=\"elementor-widget-container\">\n\t\t\t\t\t\t\t\t\t\t\t\t\t\t\t\t<a href=\"\/en\/categories\/cit-diregi\/\">\n\t\t\t\t\t\t\t<img decoding=\"async\" width=\"1024\" height=\"1024\" src=\"https:\/\/cagridoo.rs\/wp-content\/uploads\/2024\/10\/yuksek-guvenlik-cit-2048x2048-1-1024x1024.webp\" class=\"attachment-large size-large wp-image-626\" alt=\"\" srcset=\"https:\/\/cagridoo.rs\/wp-content\/uploads\/2024\/10\/yuksek-guvenlik-cit-2048x2048-1-1024x1024.webp 1024w, https:\/\/cagridoo.rs\/wp-content\/uploads\/2024\/10\/yuksek-guvenlik-cit-2048x2048-1-330x330.webp 330w, https:\/\/cagridoo.rs\/wp-content\/uploads\/2024\/10\/yuksek-guvenlik-cit-2048x2048-1-100x100.webp 100w, https:\/\/cagridoo.rs\/wp-content\/uploads\/2024\/10\/yuksek-guvenlik-cit-2048x2048-1-600x600.webp 600w, https:\/\/cagridoo.rs\/wp-content\/uploads\/2024\/10\/yuksek-guvenlik-cit-2048x2048-1-300x300.webp 300w, https:\/\/cagridoo.rs\/wp-content\/uploads\/2024\/10\/yuksek-guvenlik-cit-2048x2048-1-150x150.webp 150w, https:\/\/cagridoo.rs\/wp-content\/uploads\/2024\/10\/yuksek-guvenlik-cit-2048x2048-1-768x768.webp 768w, https:\/\/cagridoo.rs\/wp-content\/uploads\/2024\/10\/yuksek-guvenlik-cit-2048x2048-1-1536x1536.webp 1536w, https:\/\/cagridoo.rs\/wp-content\/uploads\/2024\/10\/yuksek-guvenlik-cit-2048x2048-1.webp 2048w\" sizes=\"(max-width: 1024px) 100vw, 1024px\" \/>\t\t\t\t\t\t\t\t<\/a>\n\t\t\t\t\t\t\t\t\t\t\t\t\t\t\t<\/div>\n\t\t\t\t<\/div>\n\t\t\t\t<div class=\"elementor-element elementor-element-576a9cd elementor-widget elementor-widget-heading\" data-id=\"576a9cd\" data-element_type=\"widget\" data-widget_type=\"heading.default\">\n\t\t\t\t<div class=\"elementor-widget-container\">\n\t\t\t\t\t<h4 class=\"elementor-heading-title elementor-size-default\"><a href=\"\/en\/categories\/cit-diregi\/\">Fence Post<\/a><\/h4>\t\t\t\t<\/div>\n\t\t\t\t<\/div>\n\t\t\t\t<\/div>\n\t\t<div class=\"elementor-element elementor-element-1254dc9 e-con-full e-flex e-con e-child\" data-id=\"1254dc9\" data-element_type=\"container\">\n\t\t\t\t<div class=\"elementor-element elementor-element-b34b575 elementor-widget elementor-widget-image\" data-id=\"b34b575\" data-element_type=\"widget\" data-widget_type=\"image.default\">\n\t\t\t\t<div class=\"elementor-widget-container\">\n\t\t\t\t\t\t\t\t\t\t\t\t\t\t\t\t<a href=\"\/en\/categories\/cit-kapilari\/\">\n\t\t\t\t\t\t\t<img decoding=\"async\" width=\"768\" height=\"768\" src=\"https:\/\/cagridoo.rs\/wp-content\/uploads\/2024\/10\/cit-kapisi.webp\" class=\"attachment-large size-large wp-image-628\" alt=\"\" srcset=\"https:\/\/cagridoo.rs\/wp-content\/uploads\/2024\/10\/cit-kapisi.webp 768w, https:\/\/cagridoo.rs\/wp-content\/uploads\/2024\/10\/cit-kapisi-330x330.webp 330w, https:\/\/cagridoo.rs\/wp-content\/uploads\/2024\/10\/cit-kapisi-100x100.webp 100w, https:\/\/cagridoo.rs\/wp-content\/uploads\/2024\/10\/cit-kapisi-600x600.webp 600w, https:\/\/cagridoo.rs\/wp-content\/uploads\/2024\/10\/cit-kapisi-300x300.webp 300w, https:\/\/cagridoo.rs\/wp-content\/uploads\/2024\/10\/cit-kapisi-150x150.webp 150w\" sizes=\"(max-width: 768px) 100vw, 768px\" \/>\t\t\t\t\t\t\t\t<\/a>\n\t\t\t\t\t\t\t\t\t\t\t\t\t\t\t<\/div>\n\t\t\t\t<\/div>\n\t\t\t\t<div class=\"elementor-element elementor-element-a4f04c0 elementor-widget elementor-widget-heading\" data-id=\"a4f04c0\" data-element_type=\"widget\" data-widget_type=\"heading.default\">\n\t\t\t\t<div class=\"elementor-widget-container\">\n\t\t\t\t\t<h4 class=\"elementor-heading-title elementor-size-default\"><a href=\"\/en\/categories\/cit-kapilari\/\">Fence Gates<\/a><\/h4>\t\t\t\t<\/div>\n\t\t\t\t<\/div>\n\t\t\t\t<\/div>\n\t\t\t\t\t<\/div>\n\t\t\t\t<\/div>\n\t\t<div class=\"e-con-top elementor-element elementor-element-9b191db e-flex e-con-boxed e-con e-parent\" data-id=\"9b191db\" data-element_type=\"container\">\n\t\t\t\t\t<div class=\"e-con-inner\">\n\t\t<div class=\"elementor-element elementor-element-bd25dd4 e-con-full e-flex e-con e-child\" data-id=\"bd25dd4\" data-element_type=\"container\">\n\t\t\t\t<div class=\"elementor-element elementor-element-b49e96c elementor-widget elementor-widget-image\" data-id=\"b49e96c\" data-element_type=\"widget\" data-widget_type=\"image.default\">\n\t\t\t\t<div class=\"elementor-widget-container\">\n\t\t\t\t\t\t\t\t\t\t\t\t\t\t\t\t<a href=\"\/en\/categories\/fransiz-plastik-tape\/\">\n\t\t\t\t\t\t\t<img loading=\"lazy\" decoding=\"async\" width=\"768\" height=\"768\" src=\"https:\/\/cagridoo.rs\/wp-content\/uploads\/2024\/10\/Adsiz-tasarim-4.png\" class=\"attachment-large size-large wp-image-631\" alt=\"\" srcset=\"https:\/\/cagridoo.rs\/wp-content\/uploads\/2024\/10\/Adsiz-tasarim-4.png 768w, https:\/\/cagridoo.rs\/wp-content\/uploads\/2024\/10\/Adsiz-tasarim-4-330x330.png 330w, https:\/\/cagridoo.rs\/wp-content\/uploads\/2024\/10\/Adsiz-tasarim-4-100x100.png 100w, https:\/\/cagridoo.rs\/wp-content\/uploads\/2024\/10\/Adsiz-tasarim-4-600x600.png 600w, https:\/\/cagridoo.rs\/wp-content\/uploads\/2024\/10\/Adsiz-tasarim-4-300x300.png 300w, https:\/\/cagridoo.rs\/wp-content\/uploads\/2024\/10\/Adsiz-tasarim-4-150x150.png 150w\" sizes=\"(max-width: 768px) 100vw, 768px\" \/>\t\t\t\t\t\t\t\t<\/a>\n\t\t\t\t\t\t\t\t\t\t\t\t\t\t\t<\/div>\n\t\t\t\t<\/div>\n\t\t\t\t<div class=\"elementor-element elementor-element-ae8e794 elementor-widget elementor-widget-heading\" data-id=\"ae8e794\" data-element_type=\"widget\" data-widget_type=\"heading.default\">\n\t\t\t\t<div class=\"elementor-widget-container\">\n\t\t\t\t\t<h4 class=\"elementor-heading-title elementor-size-default\"><a href=\"\/en\/categories\/fransiz-plastik-tape\/\">French Plastic Tape<\/a><\/h4>\t\t\t\t<\/div>\n\t\t\t\t<\/div>\n\t\t\t\t<\/div>\n\t\t<div class=\"elementor-element elementor-element-c1596b6 e-con-full e-flex e-con e-child\" data-id=\"c1596b6\" data-element_type=\"container\">\n\t\t\t\t<div class=\"elementor-element elementor-element-4aefb4a elementor-widget elementor-widget-image\" data-id=\"4aefb4a\" data-element_type=\"widget\" data-widget_type=\"image.default\">\n\t\t\t\t<div class=\"elementor-widget-container\">\n\t\t\t\t\t\t\t\t\t\t\t\t\t\t\t\t<a href=\"\/en\/categories\/sunline\/\">\n\t\t\t\t\t\t\t<img loading=\"lazy\" decoding=\"async\" width=\"768\" height=\"768\" src=\"https:\/\/cagridoo.rs\/wp-content\/uploads\/2024\/10\/Adsiz-tasarim-2.png\" class=\"attachment-large size-large wp-image-633\" alt=\"\" srcset=\"https:\/\/cagridoo.rs\/wp-content\/uploads\/2024\/10\/Adsiz-tasarim-2.png 768w, https:\/\/cagridoo.rs\/wp-content\/uploads\/2024\/10\/Adsiz-tasarim-2-330x330.png 330w, https:\/\/cagridoo.rs\/wp-content\/uploads\/2024\/10\/Adsiz-tasarim-2-100x100.png 100w, https:\/\/cagridoo.rs\/wp-content\/uploads\/2024\/10\/Adsiz-tasarim-2-600x600.png 600w, https:\/\/cagridoo.rs\/wp-content\/uploads\/2024\/10\/Adsiz-tasarim-2-300x300.png 300w, https:\/\/cagridoo.rs\/wp-content\/uploads\/2024\/10\/Adsiz-tasarim-2-150x150.png 150w\" sizes=\"(max-width: 768px) 100vw, 768px\" \/>\t\t\t\t\t\t\t\t<\/a>\n\t\t\t\t\t\t\t\t\t\t\t\t\t\t\t<\/div>\n\t\t\t\t<\/div>\n\t\t\t\t<div class=\"elementor-element elementor-element-e6bcd6d elementor-widget elementor-widget-heading\" data-id=\"e6bcd6d\" data-element_type=\"widget\" data-widget_type=\"heading.default\">\n\t\t\t\t<div class=\"elementor-widget-container\">\n\t\t\t\t\t<h4 class=\"elementor-heading-title elementor-size-default\"><a href=\"\/en\/categories\/sunline\/\">Sunline<\/a><\/h4>\t\t\t\t<\/div>\n\t\t\t\t<\/div>\n\t\t\t\t<\/div>\n\t\t<div class=\"elementor-element elementor-element-28bda3e e-con-full e-flex e-con e-child\" data-id=\"28bda3e\" data-element_type=\"container\">\n\t\t\t\t<div class=\"elementor-element elementor-element-f78f7ef elementor-widget elementor-widget-image\" data-id=\"f78f7ef\" data-element_type=\"widget\" data-widget_type=\"image.default\">\n\t\t\t\t<div class=\"elementor-widget-container\">\n\t\t\t\t\t\t\t\t\t\t\t\t\t\t\t\t<a href=\"\/en\/categories\/cit-sistemleri\/\">\n\t\t\t\t\t\t\t<img loading=\"lazy\" decoding=\"async\" width=\"1024\" height=\"1024\" src=\"https:\/\/cagridoo.rs\/wp-content\/uploads\/2024\/10\/dekoratif-panel-2048x2048-1-1024x1024.webp\" class=\"attachment-large size-large wp-image-630\" alt=\"\" srcset=\"https:\/\/cagridoo.rs\/wp-content\/uploads\/2024\/10\/dekoratif-panel-2048x2048-1-1024x1024.webp 1024w, https:\/\/cagridoo.rs\/wp-content\/uploads\/2024\/10\/dekoratif-panel-2048x2048-1-330x330.webp 330w, https:\/\/cagridoo.rs\/wp-content\/uploads\/2024\/10\/dekoratif-panel-2048x2048-1-100x100.webp 100w, https:\/\/cagridoo.rs\/wp-content\/uploads\/2024\/10\/dekoratif-panel-2048x2048-1-600x600.webp 600w, https:\/\/cagridoo.rs\/wp-content\/uploads\/2024\/10\/dekoratif-panel-2048x2048-1-300x300.webp 300w, https:\/\/cagridoo.rs\/wp-content\/uploads\/2024\/10\/dekoratif-panel-2048x2048-1-150x150.webp 150w, https:\/\/cagridoo.rs\/wp-content\/uploads\/2024\/10\/dekoratif-panel-2048x2048-1-768x768.webp 768w, https:\/\/cagridoo.rs\/wp-content\/uploads\/2024\/10\/dekoratif-panel-2048x2048-1-1536x1536.webp 1536w, https:\/\/cagridoo.rs\/wp-content\/uploads\/2024\/10\/dekoratif-panel-2048x2048-1.webp 2048w\" sizes=\"(max-width: 1024px) 100vw, 1024px\" \/>\t\t\t\t\t\t\t\t<\/a>\n\t\t\t\t\t\t\t\t\t\t\t\t\t\t\t<\/div>\n\t\t\t\t<\/div>\n\t\t\t\t<div class=\"elementor-element elementor-element-269d33f elementor-widget elementor-widget-heading\" data-id=\"269d33f\" data-element_type=\"widget\" data-widget_type=\"heading.default\">\n\t\t\t\t<div class=\"elementor-widget-container\">\n\t\t\t\t\t<h4 class=\"elementor-heading-title elementor-size-default\"><a href=\"\/en\/categories\/cit-sistemleri\/\">Fence Systems<\/a><\/h4>\t\t\t\t<\/div>\n\t\t\t\t<\/div>\n\t\t\t\t<\/div>\n\t\t\t\t\t<\/div>\n\t\t\t\t<\/div>\n\t\t<div class=\"e-con-top elementor-element elementor-element-6565944 e-flex e-con-boxed e-con e-parent\" data-id=\"6565944\" data-element_type=\"container\">\n\t\t\t\t\t<div class=\"e-con-inner\">\n\t\t<div class=\"elementor-element elementor-element-03f79dc e-con-full e-flex e-con e-child\" data-id=\"03f79dc\" data-element_type=\"container\">\n\t\t\t\t<div class=\"elementor-element elementor-element-1e210a9 elementor-widget elementor-widget-image\" data-id=\"1e210a9\" data-element_type=\"widget\" data-widget_type=\"image.default\">\n\t\t\t\t<div class=\"elementor-widget-container\">\n\t\t\t\t\t\t\t\t\t\t\t\t\t\t\t\t<a href=\"\/en\/categories\/gizlilik-seridi\/\">\n\t\t\t\t\t\t\t<img loading=\"lazy\" decoding=\"async\" width=\"768\" height=\"768\" src=\"https:\/\/cagridoo.rs\/wp-content\/uploads\/2024\/10\/Adsiz-tasarim-5.png\" class=\"attachment-large size-large wp-image-632\" alt=\"\" srcset=\"https:\/\/cagridoo.rs\/wp-content\/uploads\/2024\/10\/Adsiz-tasarim-5.png 768w, https:\/\/cagridoo.rs\/wp-content\/uploads\/2024\/10\/Adsiz-tasarim-5-330x330.png 330w, https:\/\/cagridoo.rs\/wp-content\/uploads\/2024\/10\/Adsiz-tasarim-5-100x100.png 100w, https:\/\/cagridoo.rs\/wp-content\/uploads\/2024\/10\/Adsiz-tasarim-5-600x600.png 600w, https:\/\/cagridoo.rs\/wp-content\/uploads\/2024\/10\/Adsiz-tasarim-5-300x300.png 300w, https:\/\/cagridoo.rs\/wp-content\/uploads\/2024\/10\/Adsiz-tasarim-5-150x150.png 150w\" sizes=\"(max-width: 768px) 100vw, 768px\" \/>\t\t\t\t\t\t\t\t<\/a>\n\t\t\t\t\t\t\t\t\t\t\t\t\t\t\t<\/div>\n\t\t\t\t<\/div>\n\t\t\t\t<div class=\"elementor-element elementor-element-a6b7277 elementor-widget elementor-widget-heading\" data-id=\"a6b7277\" data-element_type=\"widget\" data-widget_type=\"heading.default\">\n\t\t\t\t<div class=\"elementor-widget-container\">\n\t\t\t\t\t<h4 class=\"elementor-heading-title elementor-size-default\"><a href=\"\/en\/categories\/gizlilik-seridi\/\">Privacy Strip<\/a><\/h4>\t\t\t\t<\/div>\n\t\t\t\t<\/div>\n\t\t\t\t<\/div>\n\t\t<div class=\"elementor-element elementor-element-d952995 e-con-full e-flex e-con e-child\" data-id=\"d952995\" data-element_type=\"container\">\n\t\t\t\t<div class=\"elementor-element elementor-element-82a2c62 elementor-widget elementor-widget-image\" data-id=\"82a2c62\" data-element_type=\"widget\" data-widget_type=\"image.default\">\n\t\t\t\t<div class=\"elementor-widget-container\">\n\t\t\t\t\t\t\t\t\t\t\t\t\t\t\t\t<a href=\"\/en\/categories\/cimli-tel-cit\/\">\n\t\t\t\t\t\t\t<img loading=\"lazy\" decoding=\"async\" width=\"768\" height=\"768\" src=\"https:\/\/cagridoo.rs\/wp-content\/uploads\/2024\/10\/Adsiz-tasarim-6.png\" class=\"attachment-large size-large wp-image-629\" alt=\"\" srcset=\"https:\/\/cagridoo.rs\/wp-content\/uploads\/2024\/10\/Adsiz-tasarim-6.png 768w, https:\/\/cagridoo.rs\/wp-content\/uploads\/2024\/10\/Adsiz-tasarim-6-330x330.png 330w, https:\/\/cagridoo.rs\/wp-content\/uploads\/2024\/10\/Adsiz-tasarim-6-100x100.png 100w, https:\/\/cagridoo.rs\/wp-content\/uploads\/2024\/10\/Adsiz-tasarim-6-600x600.png 600w, https:\/\/cagridoo.rs\/wp-content\/uploads\/2024\/10\/Adsiz-tasarim-6-300x300.png 300w, https:\/\/cagridoo.rs\/wp-content\/uploads\/2024\/10\/Adsiz-tasarim-6-150x150.png 150w\" sizes=\"(max-width: 768px) 100vw, 768px\" \/>\t\t\t\t\t\t\t\t<\/a>\n\t\t\t\t\t\t\t\t\t\t\t\t\t\t\t<\/div>\n\t\t\t\t<\/div>\n\t\t\t\t<div class=\"elementor-element elementor-element-b019a0c elementor-widget elementor-widget-heading\" data-id=\"b019a0c\" data-element_type=\"widget\" data-widget_type=\"heading.default\">\n\t\t\t\t<div class=\"elementor-widget-container\">\n\t\t\t\t\t<h4 class=\"elementor-heading-title elementor-size-default\"><a href=\"\/en\/categories\/cimli-tel-cit\/\">Grass Wire Fence<\/a><\/h4>\t\t\t\t<\/div>\n\t\t\t\t<\/div>\n\t\t\t\t<\/div>\n\t\t<div class=\"elementor-element elementor-element-1d4cd66 e-con-full e-flex e-con e-child\" data-id=\"1d4cd66\" data-element_type=\"container\">\n\t\t\t\t<div class=\"elementor-element elementor-element-f008e8f elementor-widget elementor-widget-image\" data-id=\"f008e8f\" data-element_type=\"widget\" data-widget_type=\"image.default\">\n\t\t\t\t<div class=\"elementor-widget-container\">\n\t\t\t\t\t\t\t\t\t\t\t\t\t\t\t\t<a href=\"\/en\/categories\/aksesuarlar\/\">\n\t\t\t\t\t\t\t<img loading=\"lazy\" decoding=\"async\" width=\"1024\" height=\"1024\" src=\"https:\/\/cagridoo.rs\/wp-content\/uploads\/2024\/11\/Cagrifence-Metal-Plastik-Kaplama-Antrasit-Yesil-Klips-Vida-Kapak-1-1024x1024.webp\" class=\"attachment-large size-large wp-image-7680\" alt=\"\" srcset=\"https:\/\/cagridoo.rs\/wp-content\/uploads\/2024\/11\/Cagrifence-Metal-Plastik-Kaplama-Antrasit-Yesil-Klips-Vida-Kapak-1-1024x1024.webp 1024w, https:\/\/cagridoo.rs\/wp-content\/uploads\/2024\/11\/Cagrifence-Metal-Plastik-Kaplama-Antrasit-Yesil-Klips-Vida-Kapak-1-330x330.webp 330w, https:\/\/cagridoo.rs\/wp-content\/uploads\/2024\/11\/Cagrifence-Metal-Plastik-Kaplama-Antrasit-Yesil-Klips-Vida-Kapak-1-100x100.webp 100w, https:\/\/cagridoo.rs\/wp-content\/uploads\/2024\/11\/Cagrifence-Metal-Plastik-Kaplama-Antrasit-Yesil-Klips-Vida-Kapak-1-600x600.webp 600w, https:\/\/cagridoo.rs\/wp-content\/uploads\/2024\/11\/Cagrifence-Metal-Plastik-Kaplama-Antrasit-Yesil-Klips-Vida-Kapak-1-300x300.webp 300w, https:\/\/cagridoo.rs\/wp-content\/uploads\/2024\/11\/Cagrifence-Metal-Plastik-Kaplama-Antrasit-Yesil-Klips-Vida-Kapak-1-150x150.webp 150w, https:\/\/cagridoo.rs\/wp-content\/uploads\/2024\/11\/Cagrifence-Metal-Plastik-Kaplama-Antrasit-Yesil-Klips-Vida-Kapak-1-768x768.webp 768w, https:\/\/cagridoo.rs\/wp-content\/uploads\/2024\/11\/Cagrifence-Metal-Plastik-Kaplama-Antrasit-Yesil-Klips-Vida-Kapak-1-1536x1536.webp 1536w, https:\/\/cagridoo.rs\/wp-content\/uploads\/2024\/11\/Cagrifence-Metal-Plastik-Kaplama-Antrasit-Yesil-Klips-Vida-Kapak-1.webp 2000w\" sizes=\"(max-width: 1024px) 100vw, 1024px\" \/>\t\t\t\t\t\t\t\t<\/a>\n\t\t\t\t\t\t\t\t\t\t\t\t\t\t\t<\/div>\n\t\t\t\t<\/div>\n\t\t\t\t<div class=\"elementor-element elementor-element-b3c3f2b elementor-widget elementor-widget-heading\" data-id=\"b3c3f2b\" data-element_type=\"widget\" data-widget_type=\"heading.default\">\n\t\t\t\t<div class=\"elementor-widget-container\">\n\t\t\t\t\t<h4 class=\"elementor-heading-title elementor-size-default\"><a href=\"\/en\/categories\/aksesuarlar\/\">Accessories<\/a><\/h4>\t\t\t\t<\/div>\n\t\t\t\t<\/div>\n\t\t\t\t<\/div>\n\t\t\t\t\t<\/div>\n\t\t\t\t<\/div>\n\t\t\t\t<\/div>","protected":false},"excerpt":{"rendered":"<p>\u00c7it Panelleri \u00c7it Dire\u011fi \u00c7it Kap\u0131lar\u0131 Frans\u0131z Plastik Tape Sunline \u00c7it Sistemleri Gizlilik \u015eeridi \u00c7imli Tel \u00c7it Aksesuarlar<\/p>","protected":false},"author":2,"featured_media":0,"parent":0,"menu_order":0,"comment_status":"closed","ping_status":"closed","template":"elementor_header_footer","meta":{"_acf_changed":false,"footnotes":""},"class_list":["post-663","page","type-page","status-publish","hentry"],"acf":[],"_links":{"self":[{"href":"https:\/\/cagridoo.rs\/en\/wp-json\/wp\/v2\/pages\/663","targetHints":{"allow":["GET"]}}],"collection":[{"href":"https:\/\/cagridoo.rs\/en\/wp-json\/wp\/v2\/pages"}],"about":[{"href":"https:\/\/cagridoo.rs\/en\/wp-json\/wp\/v2\/types\/page"}],"author":[{"embeddable":true,"href":"https:\/\/cagridoo.rs\/en\/wp-json\/wp\/v2\/users\/2"}],"replies":[{"embeddable":true,"href":"https:\/\/cagridoo.rs\/en\/wp-json\/wp\/v2\/comments?post=663"}],"version-history":[{"count":0,"href":"https:\/\/cagridoo.rs\/en\/wp-json\/wp\/v2\/pages\/663\/revisions"}],"wp:attachment":[{"href":"https:\/\/cagridoo.rs\/en\/wp-json\/wp\/v2\/media?parent=663"}],"curies":[{"name":"wp","href":"https:\/\/api.w.org\/{rel}","templated":true}]}}