{"id":333,"date":"2024-10-17T23:50:56","date_gmt":"2024-10-17T23:50:56","guid":{"rendered":"https:\/\/cagridoo.rs\/?page_id=333"},"modified":"2025-01-31T09:09:07","modified_gmt":"2025-01-31T09:09:07","slug":"sertifikalar","status":"publish","type":"page","link":"https:\/\/cagridoo.rs\/en\/sertifikalar\/","title":{"rendered":"Certificates"},"content":{"rendered":"<div data-elementor-type=\"wp-page\" data-elementor-id=\"333\" class=\"elementor elementor-333\">\n\t\t\t\t<div class=\"e-con-top elementor-element elementor-element-e7450ff e-flex e-con-boxed e-con e-parent\" data-id=\"e7450ff\" data-element_type=\"container\">\n\t\t\t\t\t<div class=\"e-con-inner\">\n\t\t\t\t<div class=\"elementor-element elementor-element-957113e gallery-cols--4 elementor-widget elementor-widget-image-gallery\" data-id=\"957113e\" data-element_type=\"widget\" data-widget_type=\"image-gallery.default\">\n\t\t\t\t<div class=\"elementor-widget-container\">\n\t\t\t\t\t\t\t<div class=\"elementor-image-gallery\">\n\t\t\t<div id='gallery-1' class='gallery galleryid-333 gallery-columns-4 gallery-size-full'><figure class='gallery-item'>\n\t\t\t<div class='gallery-icon portrait'>\n\t\t\t\t<a data-elementor-open-lightbox=\"yes\" data-elementor-lightbox-slideshow=\"957113e\" data-elementor-lightbox-title=\"1\" data-e-action-hash=\"#elementor-action%3Aaction%3Dlightbox%26settings%3DeyJpZCI6OTY0NCwidXJsIjoiaHR0cHM6XC9cL2NhZ3JpZG9vLnJzXC93cC1jb250ZW50XC91cGxvYWRzXC8yMDI1XC8wMVwvS2FsaXRlLVlvbmV0aW0tc2NhbGVkLndlYnAiLCJzbGlkZXNob3ciOiI5NTcxMTNlIn0%3D\" href='https:\/\/cagridoo.rs\/wp-content\/uploads\/2025\/01\/Kalite-Yonetim-scaled.webp'><img fetchpriority=\"high\" decoding=\"async\" width=\"1811\" height=\"2560\" src=\"https:\/\/cagridoo.rs\/wp-content\/uploads\/2025\/01\/Kalite-Yonetim-scaled.webp\" class=\"attachment-full size-full\" alt=\"\" aria-describedby=\"gallery-1-9644\" srcset=\"https:\/\/cagridoo.rs\/wp-content\/uploads\/2025\/01\/Kalite-Yonetim-scaled.webp 1811w, https:\/\/cagridoo.rs\/wp-content\/uploads\/2025\/01\/Kalite-Yonetim-212x300.webp 212w, https:\/\/cagridoo.rs\/wp-content\/uploads\/2025\/01\/Kalite-Yonetim-724x1024.webp 724w, https:\/\/cagridoo.rs\/wp-content\/uploads\/2025\/01\/Kalite-Yonetim-768x1086.webp 768w, https:\/\/cagridoo.rs\/wp-content\/uploads\/2025\/01\/Kalite-Yonetim-1087x1536.webp 1087w, https:\/\/cagridoo.rs\/wp-content\/uploads\/2025\/01\/Kalite-Yonetim-1449x2048.webp 1449w, https:\/\/cagridoo.rs\/wp-content\/uploads\/2025\/01\/Kalite-Yonetim-8x12.webp 8w, https:\/\/cagridoo.rs\/wp-content\/uploads\/2025\/01\/Kalite-Yonetim-600x848.webp 600w\" sizes=\"(max-width: 1811px) 100vw, 1811px\" \/><\/a>\n\t\t\t<\/div>\n\t\t\t\t<figcaption class='wp-caption-text gallery-caption' id='gallery-1-9644'>\n\t\t\t\tQuality Management Certificate\n\t\t\t\t<\/figcaption><\/figure><figure class='gallery-item'>\n\t\t\t<div class='gallery-icon portrait'>\n\t\t\t\t<a data-elementor-open-lightbox=\"yes\" data-elementor-lightbox-slideshow=\"957113e\" data-elementor-lightbox-title=\"2\" data-e-action-hash=\"#elementor-action%3Aaction%3Dlightbox%26settings%3DeyJpZCI6OTY0NSwidXJsIjoiaHR0cHM6XC9cL2NhZ3JpZG9vLnJzXC93cC1jb250ZW50XC91cGxvYWRzXC8yMDI1XC8wMVwvSXMtU2FnbGlnaS1zY2FsZWQud2VicCIsInNsaWRlc2hvdyI6Ijk1NzExM2UifQ%3D%3D\" href='https:\/\/cagridoo.rs\/wp-content\/uploads\/2025\/01\/Is-Sagligi-scaled.webp'><img decoding=\"async\" width=\"1811\" height=\"2560\" src=\"https:\/\/cagridoo.rs\/wp-content\/uploads\/2025\/01\/Is-Sagligi-scaled.webp\" class=\"attachment-full size-full\" alt=\"\" aria-describedby=\"gallery-1-9645\" srcset=\"https:\/\/cagridoo.rs\/wp-content\/uploads\/2025\/01\/Is-Sagligi-scaled.webp 1811w, https:\/\/cagridoo.rs\/wp-content\/uploads\/2025\/01\/Is-Sagligi-212x300.webp 212w, https:\/\/cagridoo.rs\/wp-content\/uploads\/2025\/01\/Is-Sagligi-724x1024.webp 724w, https:\/\/cagridoo.rs\/wp-content\/uploads\/2025\/01\/Is-Sagligi-768x1086.webp 768w, https:\/\/cagridoo.rs\/wp-content\/uploads\/2025\/01\/Is-Sagligi-1087x1536.webp 1087w, https:\/\/cagridoo.rs\/wp-content\/uploads\/2025\/01\/Is-Sagligi-1449x2048.webp 1449w, https:\/\/cagridoo.rs\/wp-content\/uploads\/2025\/01\/Is-Sagligi-8x12.webp 8w, https:\/\/cagridoo.rs\/wp-content\/uploads\/2025\/01\/Is-Sagligi-600x848.webp 600w\" sizes=\"(max-width: 1811px) 100vw, 1811px\" \/><\/a>\n\t\t\t<\/div>\n\t\t\t\t<figcaption class='wp-caption-text gallery-caption' id='gallery-1-9645'>\n\t\t\t\tOccupational Health and Safety Certificate\n\t\t\t\t<\/figcaption><\/figure><figure class='gallery-item'>\n\t\t\t<div class='gallery-icon portrait'>\n\t\t\t\t<a data-elementor-open-lightbox=\"yes\" data-elementor-lightbox-slideshow=\"957113e\" data-elementor-lightbox-title=\"3\" data-e-action-hash=\"#elementor-action%3Aaction%3Dlightbox%26settings%3DeyJpZCI6OTY0NiwidXJsIjoiaHR0cHM6XC9cL2NhZ3JpZG9vLnJzXC93cC1jb250ZW50XC91cGxvYWRzXC8yMDI1XC8wMVwvQ2V2cmUtWW9uZXRpbS1zY2FsZWQud2VicCIsInNsaWRlc2hvdyI6Ijk1NzExM2UifQ%3D%3D\" href='https:\/\/cagridoo.rs\/wp-content\/uploads\/2025\/01\/Cevre-Yonetim-scaled.webp'><img decoding=\"async\" width=\"1811\" height=\"2560\" src=\"https:\/\/cagridoo.rs\/wp-content\/uploads\/2025\/01\/Cevre-Yonetim-scaled.webp\" class=\"attachment-full size-full\" alt=\"\" aria-describedby=\"gallery-1-9646\" srcset=\"https:\/\/cagridoo.rs\/wp-content\/uploads\/2025\/01\/Cevre-Yonetim-scaled.webp 1811w, https:\/\/cagridoo.rs\/wp-content\/uploads\/2025\/01\/Cevre-Yonetim-212x300.webp 212w, https:\/\/cagridoo.rs\/wp-content\/uploads\/2025\/01\/Cevre-Yonetim-724x1024.webp 724w, https:\/\/cagridoo.rs\/wp-content\/uploads\/2025\/01\/Cevre-Yonetim-768x1086.webp 768w, https:\/\/cagridoo.rs\/wp-content\/uploads\/2025\/01\/Cevre-Yonetim-1087x1536.webp 1087w, https:\/\/cagridoo.rs\/wp-content\/uploads\/2025\/01\/Cevre-Yonetim-1449x2048.webp 1449w, https:\/\/cagridoo.rs\/wp-content\/uploads\/2025\/01\/Cevre-Yonetim-8x12.webp 8w, https:\/\/cagridoo.rs\/wp-content\/uploads\/2025\/01\/Cevre-Yonetim-600x848.webp 600w\" sizes=\"(max-width: 1811px) 100vw, 1811px\" \/><\/a>\n\t\t\t<\/div>\n\t\t\t\t<figcaption class='wp-caption-text gallery-caption' id='gallery-1-9646'>\n\t\t\t\tEnvironmental Management Certificate\n\t\t\t\t<\/figcaption><\/figure><figure class='gallery-item'>\n\t\t\t<div class='gallery-icon portrait'>\n\t\t\t\t<a data-elementor-open-lightbox=\"yes\" data-elementor-lightbox-slideshow=\"957113e\" data-elementor-lightbox-title=\"4\" data-e-action-hash=\"#elementor-action%3Aaction%3Dlightbox%26settings%3DeyJpZCI6OTY1MSwidXJsIjoiaHR0cHM6XC9cL2NhZ3JpZG9vLnJzXC93cC1jb250ZW50XC91cGxvYWRzXC8yMDI1XC8wMVwvQmlsZ2ktR3V2ZW5saWdpLXNjYWxlZC53ZWJwIiwic2xpZGVzaG93IjoiOTU3MTEzZSJ9\" href='https:\/\/cagridoo.rs\/wp-content\/uploads\/2025\/01\/Bilgi-Guvenligi-scaled.webp'><img loading=\"lazy\" decoding=\"async\" width=\"1811\" height=\"2560\" src=\"https:\/\/cagridoo.rs\/wp-content\/uploads\/2025\/01\/Bilgi-Guvenligi-scaled.webp\" class=\"attachment-full size-full\" alt=\"\" aria-describedby=\"gallery-1-9651\" srcset=\"https:\/\/cagridoo.rs\/wp-content\/uploads\/2025\/01\/Bilgi-Guvenligi-scaled.webp 1811w, https:\/\/cagridoo.rs\/wp-content\/uploads\/2025\/01\/Bilgi-Guvenligi-212x300.webp 212w, https:\/\/cagridoo.rs\/wp-content\/uploads\/2025\/01\/Bilgi-Guvenligi-724x1024.webp 724w, https:\/\/cagridoo.rs\/wp-content\/uploads\/2025\/01\/Bilgi-Guvenligi-768x1086.webp 768w, https:\/\/cagridoo.rs\/wp-content\/uploads\/2025\/01\/Bilgi-Guvenligi-1087x1536.webp 1087w, https:\/\/cagridoo.rs\/wp-content\/uploads\/2025\/01\/Bilgi-Guvenligi-1449x2048.webp 1449w, https:\/\/cagridoo.rs\/wp-content\/uploads\/2025\/01\/Bilgi-Guvenligi-8x12.webp 8w, https:\/\/cagridoo.rs\/wp-content\/uploads\/2025\/01\/Bilgi-Guvenligi-600x848.webp 600w\" sizes=\"(max-width: 1811px) 100vw, 1811px\" \/><\/a>\n\t\t\t<\/div>\n\t\t\t\t<figcaption class='wp-caption-text gallery-caption' id='gallery-1-9651'>\n\t\t\t\tInformation Security Certificate\n\t\t\t\t<\/figcaption><\/figure>\n\t\t<\/div>\n\t\t<\/div>\n\t\t\t\t\t\t<\/div>\n\t\t\t\t<\/div>\n\t\t\t\t\t<\/div>\n\t\t\t\t<\/div>\n\t\t\t\t<\/div>","protected":false},"excerpt":{"rendered":"<p>Kalite Y\u00f6netim Sertifikas\u0131 \u0130\u015f Sa\u011fl\u0131\u011f\u0131 Sertifikas\u0131 \u00c7evre Y\u00f6netim Sertifikas\u0131 Bilgi G\u00fcvenli\u011fi Sertifikas\u0131<\/p>","protected":false},"author":2,"featured_media":0,"parent":0,"menu_order":0,"comment_status":"closed","ping_status":"closed","template":"","meta":{"_acf_changed":false,"footnotes":""},"class_list":["post-333","page","type-page","status-publish","hentry"],"acf":[],"_links":{"self":[{"href":"https:\/\/cagridoo.rs\/en\/wp-json\/wp\/v2\/pages\/333","targetHints":{"allow":["GET"]}}],"collection":[{"href":"https:\/\/cagridoo.rs\/en\/wp-json\/wp\/v2\/pages"}],"about":[{"href":"https:\/\/cagridoo.rs\/en\/wp-json\/wp\/v2\/types\/page"}],"author":[{"embeddable":true,"href":"https:\/\/cagridoo.rs\/en\/wp-json\/wp\/v2\/users\/2"}],"replies":[{"embeddable":true,"href":"https:\/\/cagridoo.rs\/en\/wp-json\/wp\/v2\/comments?post=333"}],"version-history":[{"count":0,"href":"https:\/\/cagridoo.rs\/en\/wp-json\/wp\/v2\/pages\/333\/revisions"}],"wp:attachment":[{"href":"https:\/\/cagridoo.rs\/en\/wp-json\/wp\/v2\/media?parent=333"}],"curies":[{"name":"wp","href":"https:\/\/api.w.org\/{rel}","templated":true}]}}